{"id":46,"date":"2023-04-19T19:44:03","date_gmt":"2023-04-19T22:44:03","guid":{"rendered":"http:\/\/coifalimpa.com.br\/index\/?page_id=46"},"modified":"2024-01-09T10:53:39","modified_gmt":"2024-01-09T13:53:39","slug":"servicos","status":"publish","type":"page","link":"https:\/\/coifalimpa.com.br\/index\/index.php\/servicos\/","title":{"rendered":"Servi\u00e7os"},"content":{"rendered":"\t\t<div data-elementor-type=\"wp-page\" data-elementor-id=\"46\" class=\"elementor elementor-46\">\n\t\t\t\t\t\t\t\t\t<section class=\"elementor-section elementor-top-section elementor-element elementor-element-5c1d8e9 elementor-section-boxed elementor-section-height-default elementor-section-height-default\" data-id=\"5c1d8e9\" data-element_type=\"section\">\n\t\t\t\t\t\t<div class=\"elementor-container elementor-column-gap-default\">\n\t\t\t\t\t<div class=\"elementor-column elementor-col-100 elementor-top-column elementor-element elementor-element-8ca2e8c\" data-id=\"8ca2e8c\" data-element_type=\"column\">\n\t\t\t<div class=\"elementor-widget-wrap elementor-element-populated\">\n\t\t\t\t\t\t\t\t<div class=\"elementor-element elementor-element-375bed4 elementor-widget elementor-widget-text-editor\" data-id=\"375bed4\" data-element_type=\"widget\" data-widget_type=\"text-editor.default\">\n\t\t\t\t<div class=\"elementor-widget-container\">\n\t\t\t<style>\/*! elementor - v3.18.0 - 20-12-2023 *\/\n.elementor-widget-text-editor.elementor-drop-cap-view-stacked .elementor-drop-cap{background-color:#69727d;color:#fff}.elementor-widget-text-editor.elementor-drop-cap-view-framed .elementor-drop-cap{color:#69727d;border:3px solid;background-color:transparent}.elementor-widget-text-editor:not(.elementor-drop-cap-view-default) .elementor-drop-cap{margin-top:8px}.elementor-widget-text-editor:not(.elementor-drop-cap-view-default) .elementor-drop-cap-letter{width:1em;height:1em}.elementor-widget-text-editor .elementor-drop-cap{float:left;text-align:center;line-height:1;font-size:50px}.elementor-widget-text-editor .elementor-drop-cap-letter{display:inline-block}<\/style>\t\t\t\t<p><strong>\u00a0Elevando a Padr\u00f5es Superiores de Higiene e Efici\u00eancia<\/strong><\/p><p>Na busca constante pela excel\u00eancia na limpeza e manuten\u00e7\u00e3o de cozinhas comerciais e industriais, a Coifa Limpa oferece uma ampla gama de servi\u00e7os especializados. Nossos servi\u00e7os abrangem desde a limpeza de equipamentos industriais at\u00e9 a fabrica\u00e7\u00e3o e instala\u00e7\u00e3o de sistemas completos. Confira abaixo nossas principais \u00e1reas de atua\u00e7\u00e3o:<\/p><ol><li><strong> Limpeza Especializada:<\/strong><\/li><\/ol><ul><li>Limpeza de Fornos<\/li><li>Limpeza de Fritadeiras<\/li><li>Limpeza de Fog\u00f5es<\/li><li>Manuten\u00e7\u00e3o e Higieniza\u00e7\u00e3o<\/li><\/ul><ol start=\"2\"><li><strong> Limpeza de Sistemas de Exaust\u00e3o:<\/strong><\/li><\/ol><ul><li>Limpeza de Coifas<\/li><li>Limpeza de Exaustores<\/li><li>Limpeza de Filtros<\/li><li>Limpeza de Tubula\u00e7\u00f5es<\/li><\/ul><ol start=\"3\"><li><strong> Fabrica\u00e7\u00e3o e Manuten\u00e7\u00e3o:<\/strong><\/li><\/ol><ul><li>Fabrica\u00e7\u00e3o de Coifas (Inox 430\/304, Galvanizadas, Pintura Eletrost\u00e1tica)<\/li><li>Fabrica\u00e7\u00e3o de Tubula\u00e7\u00f5es<\/li><li>Fabrica\u00e7\u00e3o de Filtros Inerciais em Conformidade com as Normas da Vigil\u00e2ncia Sanit\u00e1ria<\/li><li>Fornecimento e Instala\u00e7\u00e3o de Exaustor Axial e Centr\u00edfugo<\/li><li>Troca de Rolamento e Mancal com Alinhamento e Balanceamento<\/li><li>Fabrica\u00e7\u00e3o e Instala\u00e7\u00e3o de Janelas de Inspe\u00e7\u00e3o para Sistema de Exaust\u00e3o de Coifas<\/li><\/ul><ol start=\"4\"><li><strong> \u00c1rea Gourmet:<\/strong><\/li><\/ol><ul><li>Fabrica\u00e7\u00e3o de Coifas em Tamanhos e Cores Variadas para \u00c1reas Gourmet<\/li><\/ul><ol start=\"5\"><li><strong> Limpezas Gerais:<\/strong><\/li><\/ol><ul><li>Limpeza Simples e Pesada em Cozinhas<\/li><li>Limpeza de Tetos Simples e com Forro PVC<\/li><li>Limpeza de Paredes, Revestimentos e Fachadas<\/li><\/ul><ol start=\"6\"><li><strong> Pintura e Telhado:<\/strong><\/li><\/ol><ul><li>Instala\u00e7\u00e3o e Limpeza de Calhas, Rufos e Condutores<\/li><li>Limpeza de Telhados<\/li><li>Pintura em Geral<\/li><\/ul><p>Conte com a Coifa Limpa para elevar a higiene e efici\u00eancia da sua cozinha. Nossos servi\u00e7os s\u00e3o realizados por profissionais experientes e comprometidos com os mais altos padr\u00f5es de qualidade. Entre em contato conosco e descubra como podemos transformar sua cozinha comercial ou industrial.<\/p>\t\t\t\t\t\t<\/div>\n\t\t\t\t<\/div>\n\t\t\t\t\t<\/div>\n\t\t<\/div>\n\t\t\t\t\t\t\t<\/div>\n\t\t<\/section>\n\t\t\t\t\t\t\t<\/div>\n\t\t","protected":false},"excerpt":{"rendered":"<p>\u00a0Elevando a Padr\u00f5es Superiores de Higiene e Efici\u00eancia Na busca constante pela excel\u00eancia na limpeza e manuten\u00e7\u00e3o de cozinhas comerciais e industriais,<\/p>\n<p class=\"link-more\"><a class=\"myButt \" href=\"https:\/\/coifalimpa.com.br\/index\/index.php\/servicos\/\">Read More<\/a><\/p>\n","protected":false},"author":1,"featured_media":0,"parent":0,"menu_order":0,"comment_status":"closed","ping_status":"closed","template":"","meta":{"footnotes":""},"class_list":["post-46","page","type-page","status-publish","hentry"],"_links":{"self":[{"href":"https:\/\/coifalimpa.com.br\/index\/index.php\/wp-json\/wp\/v2\/pages\/46","targetHints":{"allow":["GET"]}}],"collection":[{"href":"https:\/\/coifalimpa.com.br\/index\/index.php\/wp-json\/wp\/v2\/pages"}],"about":[{"href":"https:\/\/coifalimpa.com.br\/index\/index.php\/wp-json\/wp\/v2\/types\/page"}],"author":[{"embeddable":true,"href":"https:\/\/coifalimpa.com.br\/index\/index.php\/wp-json\/wp\/v2\/users\/1"}],"replies":[{"embeddable":true,"href":"https:\/\/coifalimpa.com.br\/index\/index.php\/wp-json\/wp\/v2\/comments?post=46"}],"version-history":[{"count":13,"href":"https:\/\/coifalimpa.com.br\/index\/index.php\/wp-json\/wp\/v2\/pages\/46\/revisions"}],"predecessor-version":[{"id":108,"href":"https:\/\/coifalimpa.com.br\/index\/index.php\/wp-json\/wp\/v2\/pages\/46\/revisions\/108"}],"wp:attachment":[{"href":"https:\/\/coifalimpa.com.br\/index\/index.php\/wp-json\/wp\/v2\/media?parent=46"}],"curies":[{"name":"wp","href":"https:\/\/api.w.org\/{rel}","templated":true}]}}